{"id":763,"date":"2018-06-21T10:06:23","date_gmt":"2018-06-21T08:06:23","guid":{"rendered":"https:\/\/www.alurad.ch\/impressum"},"modified":"2019-07-05T14:17:47","modified_gmt":"2019-07-05T12:17:47","slug":"impressum","status":"publish","type":"page","link":"https:\/\/www.alurad.ch\/it\/impressum","title":{"rendered":"Impronta"},"content":{"rendered":"<div class=\"centered-container margin-b-l\">\n<div class=\"card-container card-content\">\n<h3>Responsabilit\u00e0<\/h3>\n<div class=\"row\">\n<div class=\"col-sm-6\">\n<p><strong>alurad.ch AG<\/strong><br \/>K\u00f6nizstrasse 161 <br \/>CH-3097 Liebefeld<\/p>\n<\/div>\n<div class=\"col-sm-6\">\n<p>Tel: +41 (0) 31 734 39 39<br \/>Fax: +41 (0) 31 734 39 30<br \/>E-Mail: <a href=\"&#x6d;&#97;&#x69;&#x6c;t&#x6f;&#58;i&#x6e;&#102;o&#x40;&#97;&#x6c;&#x75;r&#x61;&#100;&#46;&#x63;&#104;\">&#105;&#x6e;&#x66;o&#64;&#x61;l&#117;&#x72;&#x61;&#100;&#x2e;&#x63;h<\/a><\/p>\n<\/div>\n<\/div>\n<\/div>\n<h3>Termini e condizioni<\/h3>\n<p>Tutti i testi, le immagini e le informazioni presenti sul sito sono di propriet\u00e0 dei gestori della pagina, salvo eventuali casi in cui il diritto di propriet\u00e0 appartenga a terzi. In ogni caso la loro rielaborazione e diffusione o pubblicazione da parte di altri \u00e8 consentita solo previa autorizzazione dei gestori della pagina. Tale autorizzazione non \u00e8 cedibile a terzi ed \u00e8 revocabile in qualsiasi momento.<\/p>\n<p>La creazione di link che rimandano a contenuti del presente sito \u00e8 consentita solo previo consenso da parte dei gestori della pagina. Tale consenso deve essere nuovamente richiesto ogni volta che il contenuto della pagina sorgente viene modificato ed \u00e8 revocabile in qualsiasi momento. Link che colleghino la pagina a contenuti illegali, osceni, ingannevoli o non adatti ai minori sono tassativamente proibiti.<\/p>\n<p>I contenuti della nostra pagina vengono curati con la massima attenzione. Non possiamo tuttavia fornire alcuna garanzia rispetto all\u2019attualit\u00e0 e alla completezza degli stessi. I gestori della pagina non si assumono alcuna responsabilit\u00e0 dei contenuti collegati ad essa tramite link, poich\u00e9 si tratta di materiali su cui non hanno alcun controllo. Tutti i link esterni sono stati verificati, e al momento non \u00e8 stata riscontrata nessuna violazione nei contenuti a cui rimandano. Per i contenuti esterni non sussiste tuttavia alcun obbligo di verifica e controllo da parte nostra.<\/p>\n<p>I diritti di loghi e marchi eventualmente presenti sono dei rispettivi proprietari.<\/p>\n<hr>\n<p> <strong>Implementazione di Webdesign e WordPress di  <a title=\"Implementazione di Webdesign e WordPress di  codemonks.ch\" href=\"https:\/\/www.codemonks.ch\">codemonks.ch<\/a><\/strong><\/p>\n<\/div>\n","protected":false},"excerpt":{"rendered":"<p>Responsabilit\u00e0 alurad.ch AGK\u00f6nizstrasse 161 CH-3097 Liebefeld Tel: +41 (0) 31 734 39 39Fax: +41 (0) 31 734 39 30E-Mail: &#x69;&#x6e;&#102;&#111;&#64;a&#x6c;&#x75;&#x72;&#97;&#100;&#46;c&#x68; Termini e condizioni Tutti i testi, le immagini e le informazioni presenti sul sito sono di propriet\u00e0 dei gestori della pagina, salvo eventuali casi in cui il diritto di propriet\u00e0 appartenga a terzi. In ogni [&hellip;]<\/p>\n","protected":false},"author":1,"featured_media":310,"parent":0,"menu_order":11,"comment_status":"closed","ping_status":"closed","template":"","meta":{"footnotes":""},"acf":[],"_links":{"self":[{"href":"https:\/\/www.alurad.ch\/it\/wp-json\/wp\/v2\/pages\/763"}],"collection":[{"href":"https:\/\/www.alurad.ch\/it\/wp-json\/wp\/v2\/pages"}],"about":[{"href":"https:\/\/www.alurad.ch\/it\/wp-json\/wp\/v2\/types\/page"}],"author":[{"embeddable":true,"href":"https:\/\/www.alurad.ch\/it\/wp-json\/wp\/v2\/users\/1"}],"replies":[{"embeddable":true,"href":"https:\/\/www.alurad.ch\/it\/wp-json\/wp\/v2\/comments?post=763"}],"version-history":[{"count":6,"href":"https:\/\/www.alurad.ch\/it\/wp-json\/wp\/v2\/pages\/763\/revisions"}],"predecessor-version":[{"id":3321,"href":"https:\/\/www.alurad.ch\/it\/wp-json\/wp\/v2\/pages\/763\/revisions\/3321"}],"wp:featuredmedia":[{"embeddable":true,"href":"https:\/\/www.alurad.ch\/it\/wp-json\/wp\/v2\/media\/310"}],"wp:attachment":[{"href":"https:\/\/www.alurad.ch\/it\/wp-json\/wp\/v2\/media?parent=763"}],"curies":[{"name":"wp","href":"https:\/\/api.w.org\/{rel}","templated":true}]}}