{"id":765,"date":"2018-06-21T10:50:35","date_gmt":"2018-06-21T08:50:35","guid":{"rendered":"https:\/\/www.alurad.ch\/datenschutz"},"modified":"2018-07-18T10:32:29","modified_gmt":"2018-07-18T08:32:29","slug":"datenschutz","status":"publish","type":"page","link":"https:\/\/www.alurad.ch\/it\/datenschutz","title":{"rendered":"Protezione dei dati"},"content":{"rendered":"<div class=\"centered-container margin-b-l\">\n<h2>I. Informativa sulla privacy di Alurad.ch AG<\/h2>\n<p>1.Nella presente Informativa sulla privacy, vengono descritti laraccolta e il trattamento dei dati personali da parte di Alurad.chAG(di seguito Alurad.ch AG), nella misura in cui tale trattamento nonsia regolato da altre politiche sulla privacy o risulti dallecircostanze o sia regolato dalla legge. Per dati personali siintendono informazioni inerenti a una persona specifica oidentificabile come, ad esempio, nome, indirizzo, indirizzo e-mail,condotta dell\u2019utente, dati di pagamento, prodotti ordinati.<\/p>\n<p>2.Titolari del trattamento, estremi di contatto<\/p>\n<p>Iltitolare della raccolta e del trattamento dei dati personali sul sitowww.alurad.ch (o della \u201cregistrazione online\u201d) \u00e8 Alurad.ch AG, K\u00f6nizstrasse 161, 3097 Liebefeld (ci\u00f2 vale inparticolare ai sensi dell\u2019art. 4 cpv. 7 del regolamento generaleeuropeo sulla protezione dei dati [RGDP] e della legge federale sullaprotezione dei dati [LPD], nella misura in cui le relativedisposizioni siano applicabili in singoli casi). <br \/>L\u2019aziendaAlurad.ch AG non ha nominato un garante per la protezione dei dati aisensi dell\u2019art. 37 del GDPR, in quanto non necessario. Eventualirichieste, rivendicazioni o informazioni relative alla protezione deidati che Alurad.ch AG elabora a proprio nome possono essereindirizzate all\u2019indirizzo &#x69;&#x6e;&#x66;&#x6f;&#64;&#97;&#108;ur&#x61;&#x64;&#x2e;&#x63;&#x68;.<\/p>\n<p><strong>Titolaredel trattamento:<\/strong><\/p>\n<p>Alurad.ch AG<\/p>\n<p>K\u00f6nizstrasse 161<br \/> 3097 Liebefeld <br \/> Schweiz<\/p>\n<p>Telefono: 031 734 39 39 <br \/> Email: in&#102;&#111;&#64;&#x61;&#x6c;&#x75;&#x72;&#x61;d&#46;&#99;&#104;<\/p>\n<p>Direzione generale: Michel Riesen<\/p>\n<p>Registro delle imprese n.: CH-035.3.007.904-3\u00a0<\/p>\n<p>Partita Iva: CHE-104.322.561<\/p>\n<h2>II.Diritto di informazione e revoca<\/h2>\n<p>1. Lei ha il diritto di richiederci in qualsiasi momentoinformazioni sui dati da Lei memorizzati, la loro origine, idestinatari o le categorie di destinatari a cui tali dati vengonotrasmessi e lo scopo della memorizzazione.<\/p>\n<p>2. Se Lei haacconsentito all\u2019utilizzo dei dati, Lei pu\u00f2 revocare tale consensoin qualsiasi momento.<\/p>\n<p>3. Le domande e le richieste diinformazioni, cos\u00ec come le obiezioni al trattamento dei dati possonoessere inviate via e-mail a <a href=\"&#x6d;&#97;i&#x6c;&#x74;&#111;:&#x69;&#110;f&#x6f;&#x40;&#109;e&#x64;&#105;a&#x64;&#x69;&#118;i&#x73;&#x69;&#111;&#x6e;&#x2e;&#99;o&#x6d;\">info&#64;alu&#114;&#97;&#100;&#46;&#99;&#104;<\/a> o all\u2019indirizzo indicato al punto I.2. <br \/>III. Sicurezza deidati<br \/>Per garantire la sicurezza dei dati, in particolare dei Suoidati personali durante la trasmissione e contro l\u2019accesso di terzi,utilizziamo le misure tecniche pi\u00f9 moderne. Tali misure vengonoregolarmente adeguate allo stato attuale della tecnica.<\/p>\n<h2>IV.Raccolta di dati personali per finalit\u00e0 informative<\/h2>\n<p>SeLei utilizza il nostro sito Web solo a scopo informativo, vale a direnon ordina prodotti, non crea un account cliente o non ci trasmetteinformazioni in altro modo, noi non raccogliamo alcun dato personale,ad eccezione dei dati che il browser ci trasmette per consentireall\u2019Utente di visitare il sito Web. Questi dati sono:<\/p>\n<p>-Indirizzo IP<\/p>\n<p>-Data e ora della richiesta<\/p>\n<p>-Differenza del fuso orario rispetto al Greenwich Mean Time (GMT)<\/p>\n<p>-Contenuto della richiesta (pagina specifica)<\/p>\n<p>-Stato di accesso \/ codice di stato HTTP<\/p>\n<p>-Quantit\u00e0 di dati trasmessi in ciascun caso<\/p>\n<p>-Sito web da cui proviene la richiesta \u2013 browser<\/p>\n<p>-Sistema operativo e interfaccia utente<\/p>\n<p>-Lingua e versione del software del browser<\/p>\n<h2>V.Ulteriore utilizzo delle funzioni sul nostro sito web<\/h2>\n<p>Oltreall\u2019uso puramente informativo, il nostro sito offre diversi serviziche \u00e8 possibile utilizzare come, ad esempio, l\u2019invio della nostranewsletter. Normalmente, per utilizzare il servizio, \u00e8 necessariofornire dati personali aggiuntivi. Se disponibili, le informazionisupplementari facoltative sono contrassegnate di conseguenza.<\/p>\n<h2>VI.Utilizzo del nostro webshop<\/h2>\n<p>1.Quando Lei ordina nel nostro webshop, pu\u00f2 decidere di inserire idati necessari per il Suo ordine una sola volta per l\u2019ordine attualeo per creare un account cliente, salvando i dati per gli acquistisuccessivi. Se non lo desidera, i Suoi dati verranno memorizzati soloper l\u2019esecuzione del contratto e cancellati non appena non avremo pi\u00f9l\u2019obbligo legale della relativa memorizzazione. Le informazioniobbligatorie necessarie per l\u2019elaborazione dei contratti sonocontrassegnate di conseguenza. Tutte le altre informazioni sonovolontarie. Creando un account cliente alla voce \u201cIl mio conto\u201d,i dati inseriti vengono memorizzati fino a nuovo ordine. \u00c8 possibilecancellare l\u2019account in qualsiasi momento tramite l\u2019area clienti<\/p>\n<p>2.Per evadere l\u2019ordine, raccogliamo i dati personali in conformit\u00e0 alparagrafo I.1 della presente informativa sulla protezione dei dati.Il titolare del trattamento ai sensi del paragrafo I.2 della presentedichiarazione sulla protezione dei dati \u00e8 Alurad.ch AG.<\/p>\n<p>3.Nella misura in cui sia necessario per adempiere al serviziocontrattuale dovuto da Alurad.ch AG, i dati personali sarannoraccolti e conservati da Alurad.ch AG. Per poter consegnare la merce,trasmettiamo i Suoi dati allo spedizioniere incaricato, nella misurain cui risultino necessari per la consegna. Un ulteriore utilizzo (ades. per l\u2019invio della nostra newsletter via e-mail) \u00e8 possibile solocon il Suo consenso.<\/p>\n<p>4. Per effettuare un pagamento tramitePayPal, il cliente deve registrarsi su<a href=\"https:\/\/www.paypal.com\/de\/home\">https:\/\/www.paypal.com\/de\/home<\/a>.Si applicano le condizioni di utilizzo di PayPal. PayPal \u00e8responsabile per i dati di pagamento inseriti nella homepage diPayPal.<\/p>\n<p>5. Selezionando il metodo di pagamento \u201cCarta dicredito\/MAESTRO\u201d, i dati di pagamento che raccogliamo verrannotrasmessi al fornitore di servizi di pagamento appropriato a secondadel tipo di carta da Lei selezionata. Il fornitore di servizi dipagamento \u00e8 responsabile dei dati di pagamento.<\/p>\n<p>6. Inoltre,trasmetteremo i Suo dati al rispettivo fornitore di servizi dipagamento ai fini di un controllo di identit\u00e0. In caso distipulazione di un contratto, memorizziamo solo le informazionirelative all\u2019esito positivo della verifica.<\/p>\n<h2>VII.Uso di cookie<\/h2>\n<p>1.Utilizzando questo sito web, Alurad.ch AG utilizza i cosiddetti\u201dcookies\u201d, che vengono depositati sul Suo computer. I\u201dcookie\u201d hanno lo scopo di rendere il nostro sito web pi\u00f9facile da usare ed efficace. Un \u201ccookie\u201d \u00e8 un piccolo filedi testo che viene memorizzato dal browser sul disco rigido per poitrasmettere alcuni dati alla posizione attraverso la quale il cookie\u00e8 stato impostato (in questo caso noi, Alurad.ch AG). I cookie nonpossono eseguire programmi n\u00e9 trasmettere virus al computerdell\u2019Utente.<\/p>\n<p>2. Utilizziamo i cookie per identificarel\u2019Utente nelle visite successive in caso di account attivo. In casocontrario, \u00e8 necessario eseguire nuovamente l\u2019accesso in ognisingola visita.<\/p>\n<p>3. Questo sito web utilizza i cookie nellaseguente misura:<br \/>\u2013 Cookie transienti (durata temporanea)<br \/>-Cookie persistenti (durata limitata nel tempo)<br \/>I cookie transientivengono eliminati automaticamente alla chiusura del browser. Questiincludono in particolare i cosiddetti cookie di sessione, chememorizzano un cosiddetto ID di sessione con il quale \u00e8 possibileassegnare alla sessione condivisa diverse richieste del browser. Inquesto modo, il Suo computer pu\u00f2 essere riconosciuto quando visiter\u00e0nuovamente il nostro sito web. All\u2019uscita o alla chiusura delbrowser, i cookie di sessione vengono eliminati. <br \/>I cookiepersistenti vengono eliminati automaticamente dopo un periodo ditempo predefinito, che pu\u00f2 variare a seconda del cookie. \u00c8possibile eliminare i cookie in qualsiasi momento tramite leimpostazioni di sicurezza del browser.<\/p>\n<p>4. Ad esempio, perrifiutare l\u2019accettazione di cookie di terze parti o di cookie ingenerale, \u00e8 possibile configurare il browser di conseguenza.Tuttavia, potrebbe non essere possibile sfruttare tutte le funzionidel nostro sito web.<\/p>\n<h2>VIII.Newsletter<\/h2>\n<p>1.L\u2019iscrizione alla nostra newsletter avviene tramite la cosiddettaprocedura \u201cdouble opt-in\u201d. Ci\u00f2 significa che, dopo averinserito il Suo indirizzo e-mail, Le invieremo un\u2019e-mail di conferma,dove La invitiamo a confermare, entro le 24 ore successive, laricezione della newsletter. In assenza di tale conferma, laregistrazione sar\u00e0 cancellata automaticamente. Se conferma di volerricevere la newsletter, conserveremo il Suo indirizzo e-mail fino aquando Lei non si canceller\u00e0 dalla newsletter. La memorizzazione hail solo scopo di inviarle la newsletter. Per evitare l\u2019uso impropriodei Suoi dati, memorizziamo anche il Suo indirizzo IP e le relativeore di registrazione e conferma.<\/p>\n<p>2. Per l\u2019invio dellanewsletter \u00e8 richiesto solo l\u2019indirizzo e-mail. Ulterioriinformazioni sono volontarie, contrassegnate di conseguenza everranno utilizzate solo per personalizzare la newsletter. In caso direvoca, anche questi dati verranno completamente cancellati.<\/p>\n<p>3.Lei pu\u00f2 revocare il consenso a ricevere la nostra newsletter inqualsiasi momento. La revoca pu\u00f2 essere effettuata cliccando sullink contenuto nella newsletter, inviando una e-mail all\u2019indirizzo<a href=\"&#109;&#x61;i&#x6c;&#x74;&#111;&#x3a;i&#x6e;&#x66;&#111;&#x40;f&#x74;&#x63;&#45;&#x63;a&#x73;&#x68;&#109;&#x65;r&#x65;&#x2e;&#99;&#x6f;m\">&#105;&#x6e;&#102;&#x6f;&#64;&#x61;&#108;&#x75;r&#x61;d&#x2e;c&#x68;<\/a> oscrivendo agli estremi di contatto specificati nel paragrafo I.2. Idati da Lei forniti non saranno trasmessi a terzi. Il Suo consenso \u00e8il seguente:<\/p>\n<p>S\u00cc,accetto di ricevere una newsletter su misura dei miei interessipersonali. La personalizzazione avviene analizzando il comportamentodell\u2019Utente tramite web beacon (pixel di tracciamento) el\u2019indirizzo e-mail, che possono essere associati a un singoloidentificatore. Alla lettura della nostra newsletter, cliccando sullink in essa contenuta e giungendo ai Suoi potenziali interessipersonali, La registriamo. Queste informazioni sono collegate alleazioni intraprese dall\u2019Utente sul nostro sito Web. Non raccogliamoqueste informazioni insieme ad altre e le conserviamo solo inGermania. \u00c8 possibile revocare questo consenso in qualsiasi momento,dopo di che i dati utente da Lei raccolti saranno cancellati.<\/p>\n<p>4.Desideriamo sottolineare che il comportamento dell\u2019Utente vienevalutato al momento dell\u2019invio della newsletter. A tale scopo, lee-mail inviate contengono i cosiddetti web beacon (\u201cpixel ditracciamento\u201d). Si tratta di file di immagine a pixel singolocollegati al nostro sito Web. In questo modo, possiamo valutare ilcomportamento dell\u2019Utente raccogliendo i dati di cui al punto IV.della presente informativa sulla protezione dei dati e i web beaconassegnati al Suo indirizzo e-mail, collegati alla Sua identificazioneindividuale. Dai dati cos\u00ec ottenuti, creiamo un profilo utente conil quale possiamo fornirle la newsletter con contenuti su misura peri Suoi interessi. In questo contesto, quando leggiamo la newsletterche contiene i link, la registriamo e ne traiamo le conclusionirelative ai Suoi interessi personali. Inoltre, colleghiamo questeinformazioni alle azioni che Lei ha intrapreso sul nostro sito web.Le informazioni che raccogliamo in questo modo vengono memorizzate daAlurad.ch AG in un server in Germania. \u00c8 possibile opporsi inqualsiasi momento a questo tracciamento tramite il link contenuto inogni e-mail o tramite le opzioni di contatto di cui al paragrafo 3.<\/p>\n<h2>IX.Webtracking; utilizzo di Google Analytics<\/h2>\n<p>1.Questo sito web utilizza il servizio di analisi web Google Analyticsdi Google Inc.<\/p>\n<p>GoogleAnalytics utilizza determinati file di testo, i cosiddetti \u201ccookies\u201d,che vengono memorizzati sul Suo computer e che consentono dianalizzare l\u2019utilizzo del sito web da parte Sua. Le informazionisull\u2019uso che l\u2019Utente fa dei cookie vengono di solito trasmesse a ememorizzate da Google su server negli Stati Uniti. Se su questo sitoweb \u00e8 attivo l\u2019anonimizzazione IP, Google ridurr\u00e0 il Suo indirizzoIP negli Stati membri dell\u2019UE o in altri Stati firmatari dell\u2019accordosullo spazio economico europeo. L\u2019indirizzo IP completo vienetrasmesso a un server di Google negli USA solo in casi eccezionali el\u00ec abbreviato. Google utilizza queste informazioni per conto diAlurad.ch AG \u201cper valutare il Suo utilizzo del sito web, percreare report sulla Sua attivit\u00e0 sul sito web e per fornire aAlurad.ch AG ulteriori servizi relativi all\u2019utilizzo del sito web edi Internet\u201d.<\/p>\n<p>2. L\u2019indirizzo IP trasmesso da GoogleAnalytics dal browser non viene unito ad altri dati di Google.<\/p>\n<p>3.\u00c8 possibile rifiutare l\u2019uso dei cookie selezionando le impostazioniappropriate sul browser, tuttavia si prega di notare che se si eseguequesta operazione Lei potrebbe non essere in grado di utilizzaretutte le funzionalit\u00e0 di questo sito web.<\/p>\n<p>4. Inoltre, Leipu\u00f2 opporsi alla raccolta dell\u2019utilizzo del sito web e dei datigenerati dai cookie (compreso l\u2019indirizzo IP) e alla loroelaborazione da parte di Google scaricando e installando il plug-inper il browser disponibile al seguente link:<a href=\"http:\/\/tools.google.com\/dlpage\/gaoptout?hl=de\">http:\/\/tools.google.com\/dlpage\/gaoptout?hl=de<\/a>.<\/p>\n<p>5. Su questo sito web viene utilizzato Google Analytics conl\u2019estensione \u201c_anonymizeIp()\u201d. Questa estensione accorciagli indirizzi IP prima dell\u2019ulteriore elaborazione, eliminando cos\u00ecla possibilit\u00e0 di un collegamento diretto con singole persone.<\/p>\n<p>6.Google Analytics viene utilizzato nell\u2019ambito del quadro giuridicoconcordato per l\u2019utilizzo del software da parte delle autorit\u00e0tedesche per la protezione dei dati in collaborazione con Google.Informazioni di terzi: Google Dublin, Google Ireland Ltd., GordonHouse, Barrow Street, Dublin 4, Ireland, Fax: +353 (1) 436 1001.<\/p>\n<p>Condizionid\u2019uso: <a href=\"http:\/\/www.google.com\/analytics\/terms\/de.html\">http:\/\/www.google.com\/analytics\/terms\/de.html<\/a>,panoramica sulla protezione dei dati:<a href=\"http:\/\/www.google.com\/intl\/de\/analytics\/learn\/privacy.html\">http:\/\/www.google.com\/intl\/de\/analytics\/learn\/privacy.html<\/a>,e la dichiarazione sulla protezione dei dati:<a href=\"http:\/\/www.google.de\/intl\/de\/policies\/privacy\">http:\/\/www.google.de\/intl\/de\/policies\/privacy<\/a>.<\/p>\n<h2>X.Social Media Plug-ins<\/h2>\n<p>1Attualmente utilizziamo i seguenti plug-in per i social media:Facebook, Google+, Twitter, LinkedIn, Pinterest.<\/p>\n<p>2. In questocontesto, utilizziamo la cosiddetta soluzione a 2 clic. Quando Leivisita il nostro sito, nessun dato personale viene trasmesso tramitequesti plug-in. I plug-in sono contrassegnati con le prime letteredei rispettivi provider e solo facendo clic su uno di questi plug-invengono trasmessi i dati che possono essere collegati alla propriapersona. Dopo aver cliccato sul plug-in, i dati vengonoautomaticamente inoltrati al provider corrispondente e memorizzati l\u00ec(su server negli Stati Uniti per i provider statunitensi). Nonabbiamo alcuna influenza sui dati raccolti e sulle procedure dielaborazione. Inoltre, non siamo a conoscenza della portata, delloscopo della raccolta dei dati e dei periodi di conservazione. Laraccolta dei dati dei fornitori dei plug-in avviene principalmentetramite cookies. Prima di fare clic sul plug-in corrispondente, \u00e8quindi necessario rimuovere tutti i cookie utilizzando leimpostazioni di sicurezza del browser.<\/p>\n<p>3. Dopo aver attivatoun plug-in, il Suo fornitore sar\u00e0 informato della Sua visita allasottopagina corrispondente del nostro sito web. Inoltre, sarannotrasmessi i dati specificati nella sezione IV. della presenteinformativa sulla protezione dei dati. Secondo l\u2019azienda, in Germaniaviene trasmesso su Facebook solo l\u2019indirizzo IP reso anonimo. Iltrasferimento non dipende dal fatto che si disponga di un account oche si sia connessi al relativo fornitore di plug-in. In questo caso,i dati trasmessi saranno collegati direttamente al Suo account.Queste informazioni vengono anche salvate e assegnate all\u2019accountutente facendo clic sul pulsante del plug-in (ad esempio, quando cisi collega alla pagina). I Suoi contatti ne saranno informatipubblicamente. Per evitare che il Suo profilo venga assegnato dalfornitore del plug-in corrispondente, Lei deve disconnettersi primadi attivare il pulsante.<\/p>\n<p>4. Questi dati vengono memorizzatidal fornitore del plug-in come profili di utilizzo e impiegati perscopi di marketing, ricerche di mercato e\/o progettazione di sitiWeb. Questa valutazione avviene in particolare (anche per gli Utentiche non sono collegati) a scopo di marketing personalizzato e perinformare gli altri Utenti della pagina corrispondente sulla Suavisita al nostro sito web. \u00c8 possibile opporsi alla creazione ditali profili utente presso il rispettivo fornitore di plug-in.<\/p>\n<p>5.Lo scopo e la misura in cui i Suoi dati vengono raccolti ed elaboratidal fornitore del plug-in sono riportati nelle dichiarazioni sullaprotezione dei dati dei singoli fornitori, riportate di seguito. Qui\u00e8 possibile trovare ulteriori informazioni sui diritti dell\u2019Utente esulle opzioni di configurazione per la protezione dei dati.<\/p>\n<p>6.Indirizzi dei rispettivi fornitori di plug-in e URL con le relativeinformazioni sulla protezione dei dati:<\/p>\n<p>a.Facebook: Facebook Inc., 1601 S California Ave, Palo Alto, California94304, USA; <a href=\"http:\/\/www.facebook.com\/policy.php;\">http:\/\/www.facebook.com\/policy.php;<\/a>ulteriori informazioni sulla raccolta dei dati:<a href=\"http:\/\/www.facebook.com\/help\/186325668085084\">http:\/\/www.facebook.com\/help\/186325668085084<\/a>e <a href=\"http:\/\/www.facebook.com\/about\/privacy\/your-info\">http:\/\/www.facebook.com\/about\/privacy\/your-info<\/a>.<\/p>\n<p>b.Google: Google Inc., 1600 Amphitheater Parkway, Mountainview,California 94043, USA;<a href=\"https:\/\/www.google.com\/policies\/privacy\/partners\/?hl=de\">https:\/\/www.google.com\/policies\/privacy\/partners\/?hl=de<\/a><\/p>\n<p>c.Twitter: Twitter, Inc., 1355 Market St, Suite 900, San Francisco,California 95103, USA; <a href=\"https:\/\/twitter.com\/privacy\">https:\/\/twitter.com\/privacy<\/a><\/p>\n<p>d.LinkedIn: LinkedIn Corporation, 2029 Stierlin Court, Mountain View,California 94043, Stati Uniti d\u2019America;<a href=\"http:\/\/www.linkedin.com\/legal\/privacy-policy\">http:\/\/www.linkedin.com\/legal\/privacy-policy<\/a><\/p>\n<p>e.Pinterest: Pinterest Inc., 808 Brannan Street, San Francisco, CA94103, USA <a href=\"https:\/\/about.pinterest.com\/de\/privacy-policy\"> https:\/\/about.pinterest.com\/de\/privacy-policy<\/a><\/p>\n<h2>XI.Diritti dell\u2019Utente e altre persone interessate<\/h2>\n<p>SeLei dispone di un account utente, pu\u00f2 visualizzare e modificaretutte le informazioni che La riguardano nella sezione \u201cAccountutente\u201d del sito web di Alurad.ch AG. Poich\u00e9 il nome, il sessoo il giorno del compleanno sono necessari per identificare l\u2019Utente,Alurad.ch AG deve concedere una rettifica di questi dati. Leinformazioni sulla cronologia degli ordini e in particolare suiconsensi specifici per evento possono essere visualizzate edelaborate anche tramite l\u2019account utente. <br \/>Lei ha il diritto diaccedere ai Suoi dati e di richiederne la rettifica. L\u2019Utente hainoltre il diritto di opporsi al trattamento dei dati personali e\/odi richiedere a Alurad.ch AG di cancellare e\/o limitare l\u2019utilizzodei propri dati personali. Se il trattamento dei dati personali sibasa su un precedente consenso, \u00e8 possibile revocarlo in qualsiasimomento. <br \/>In casi particolari, le persone interessate nei paesidell\u2019UE o dello SEE hanno il diritto di ricevere i dati generatidurante l\u2019utilizzo dei servizi online in un formato strutturato,comune e leggibile meccanicamente, con il quale \u00e8 possibileun\u2019ulteriore elaborazione e trasmissione. <br \/>In caso di domande suquesti diritti, \u00e8 possibile contattare la persona indicata nellasezione I.2.<\/p>\n<h2>XII.Modulo di contatto<\/h2>\n<p>Inviandole richieste tramite il modulo di contatto, i dati contenuti nelmodulo di richiesta, compresi i recapiti forniti, vengono da noimemorizzati per l\u2019elaborazione della richiesta e nel caso di domandedi follow-up. Non divulgheremo tali dati senza il Suo consenso.<\/p>\n<p>Pertanto,il trattamento dei dati inseriti nel modulo di contatto avvieneesclusivamente a seguito del consenso dell\u2019Utente (art. 6 cpv. 1,lettera a) del RGPD). \u00c8 possibile revocare il consenso in qualsiasimomento. \u00c8 sufficiente inviarci un\u2019e-mail informale. La revoca nonpregiudica la legittimit\u00e0 del processo di trattamento dei dati finoalla revoca.<\/p>\n<p>Idati che Lei inserisce nel modulo del contatto rimangono presso dinoi fino alla richiesta di cancellazione, alla revoca del Suoconsenso alla memorizzazione o in caso venga meno lo scopo perl\u2019archiviazione dei dati (ad esempio una volta completatal\u2019elaborazione della Sua richiesta). Restano impregiudicate ledisposizioni di legge obbligatorie, in particolare i periodi diconservazione.<\/p>\n<h2>XIII.Modifiche all\u2019informativa sulla protezione dei dati<\/h2>\n<p>Questainformativa sulla protezione dei dati pu\u00f2 essere adattata omodificata da Alurad.ch AG in qualsiasi momento senza preavviso onotifica. La versione pubblicata su <a href=\"http:\/\/www.mediadivision.ch\">www.alurad.ch<\/a>\u00e8 attuale e valida.<\/p>\n<p>Sela dichiarazione di protezione dei dati fa parte di un accordo congli Utenti o con altre persone, questi saranno informati dellamodifica da parte di Alurad.ch AG via e-mail o con altri mezziadeguati. In assenza di obiezioni entro 30 giorni, la nuovadichiarazione sulla protezione dei dati si considera concordata. Incaso di contestazione, Alurad.ch AG ha il diritto di risolvere ilcontratto in tutto o in parte senza preavviso o di limitare oadeguare i servizi forniti alla persona interessata al fine direagire in modo adeguato al rifiuto del consenso.<\/p>\n<\/div>\n","protected":false},"excerpt":{"rendered":"<p>I. Informativa sulla privacy di Alurad.ch AG 1.Nella presente Informativa sulla privacy, vengono descritti laraccolta e il trattamento dei dati personali da parte di Alurad.chAG(di seguito Alurad.ch AG), nella misura in cui tale trattamento nonsia regolato da altre politiche sulla privacy o risulti dallecircostanze o sia regolato dalla legge. Per dati personali siintendono informazioni inerenti [&hellip;]<\/p>\n","protected":false},"author":1,"featured_media":310,"parent":0,"menu_order":12,"comment_status":"closed","ping_status":"closed","template":"","meta":{"footnotes":""},"acf":[],"_links":{"self":[{"href":"https:\/\/www.alurad.ch\/it\/wp-json\/wp\/v2\/pages\/765"}],"collection":[{"href":"https:\/\/www.alurad.ch\/it\/wp-json\/wp\/v2\/pages"}],"about":[{"href":"https:\/\/www.alurad.ch\/it\/wp-json\/wp\/v2\/types\/page"}],"author":[{"embeddable":true,"href":"https:\/\/www.alurad.ch\/it\/wp-json\/wp\/v2\/users\/1"}],"replies":[{"embeddable":true,"href":"https:\/\/www.alurad.ch\/it\/wp-json\/wp\/v2\/comments?post=765"}],"version-history":[{"count":5,"href":"https:\/\/www.alurad.ch\/it\/wp-json\/wp\/v2\/pages\/765\/revisions"}],"predecessor-version":[{"id":970,"href":"https:\/\/www.alurad.ch\/it\/wp-json\/wp\/v2\/pages\/765\/revisions\/970"}],"wp:featuredmedia":[{"embeddable":true,"href":"https:\/\/www.alurad.ch\/it\/wp-json\/wp\/v2\/media\/310"}],"wp:attachment":[{"href":"https:\/\/www.alurad.ch\/it\/wp-json\/wp\/v2\/media?parent=765"}],"curies":[{"name":"wp","href":"https:\/\/api.w.org\/{rel}","templated":true}]}}